{"id":1047,"date":"2020-03-03T13:06:12","date_gmt":"2020-03-03T12:06:12","guid":{"rendered":"https:\/\/www.l-appartements.de\/wp\/?page_id=1047"},"modified":"2025-06-17T12:30:24","modified_gmt":"2025-06-17T10:30:24","slug":"impressum","status":"publish","type":"page","link":"https:\/\/www.l-appartements.de\/index.php\/impressum\/","title":{"rendered":"Impressum"},"content":{"rendered":"\t\t<div data-elementor-type=\"wp-page\" data-elementor-id=\"1047\" class=\"elementor elementor-1047\">\n\t\t\t\t\t\t<div class=\"elementor-inner\">\n\t\t\t\t<div class=\"elementor-section-wrap\">\n\t\t\t\t\t\t\t\t\t<section class=\"elementor-section elementor-top-section elementor-element elementor-element-c5fe4c6 elementor-section-stretched elementor-section-boxed elementor-section-height-default elementor-section-height-default\" data-id=\"c5fe4c6\" data-element_type=\"section\" data-settings=\"{&quot;stretch_section&quot;:&quot;section-stretched&quot;}\">\n\t\t\t\t\t\t<div class=\"elementor-container elementor-column-gap-default\">\n\t\t\t\t\t\t\t<div class=\"elementor-row\">\n\t\t\t\t\t<div class=\"elementor-column elementor-col-100 elementor-top-column elementor-element elementor-element-f8fc824\" data-id=\"f8fc824\" data-element_type=\"column\">\n\t\t\t<div class=\"elementor-column-wrap elementor-element-populated\">\n\t\t\t\t\t\t\t<div class=\"elementor-widget-wrap\">\n\t\t\t\t\t\t<div class=\"elementor-element elementor-element-7b3a645 elementor-widget elementor-widget-text-editor\" data-id=\"7b3a645\" data-element_type=\"widget\" data-widget_type=\"text-editor.default\">\n\t\t\t\t<div class=\"elementor-widget-container\">\n\t\t\t\t\t\t\t\t<div class=\"elementor-text-editor elementor-clearfix\">\n\t\t\t\t<div data-id=\"98be521\" data-element_type=\"widget\" data-widget_type=\"text-editor.default\">\n<div>Anbieter i. S. d. \u00a7 5 TMG<\/div>\n<div>&nbsp;<\/div>\n<div>\n<div>\n<p><b>L-Appartements<\/b><\/p>\n<p><span style=\"font-size: 15px; font-style: normal; font-weight: 300;\">vertreten durch Z&amp;B Grundst\u00fcck GbR<br><\/span><\/p>\n<p>Pfarrer-V\u00f6lk-Str.8<br>89331 Limbach (bei G\u00fcnzburg)<br>Deutschland<\/p>\n<p>Mail: <a href=\"mailto:info@l-appartements.de?Subject=Anfrage%20l'appartements\" target=\"_top\">info@l-appartements.de<\/a><br>Telefon: +49 (0)8222 \/ 9655220<br>Mobil: +49 (0)17656533237<br>Ust-ID-Nr.: DE308455125<\/p><p><br><\/p>\n<p><b>Inhalt<\/b><\/p>\n<p style=\"font-size: 15px; font-style: normal; font-weight: 300; color: #666666;\">Inhaltlich verantwortlich f\u00fcr journalistisch-redaktionelle Beitr\u00e4ge auf dieser Website i.S.d. \u00a7 55 Abs. 2 RStV:<br>&nbsp;Anschrift s.o., im folgenden Betreiber genannt.<\/p>\n<p style=\"font-size: 15px; font-style: normal; font-weight: 300; color: #666666;\">Die Informationen auf diesen Webseiten werden vom Betreiber st\u00e4ndig gepr\u00fcft und aktualisiert. Trotz aller Sorgfalt k\u00f6nnen sich aber Angaben zwischenzeitlich ver\u00e4ndert haben. Eine Haftung oder Garantie f\u00fcr die Aktualit\u00e4t, Richtigkeit und Vollst\u00e4ndigkeit der zur Verf\u00fcgung gestellten Informationen kann daher nicht \u00fcbernommen werden. Inhalt und Struktur dieser Websites sind urheberrechtlich gesch\u00fctzt. Die Vervielf\u00e4ltigung von Informationen oder Daten, insbesondere die Verwendung von Texten, Textteilen oder Bildmaterial bedarf der vorherigen Zustimmung.<\/p>\n<p style=\"font-size: 15px; font-style: normal; font-weight: 300; color: #666666;\">Alle Rechte vorbehalten. Text, Bilder, Grafiken, Sound, Animationen und Videos sowie deren Anordnung auf dieser Website unterliegen dem Schutz des Urheberrechts und anderer Schutzgesetze. Der Inhalt dieser Website darf nicht zu kommerziellen Zwecken kopiert, verbreitet, ver\u00e4ndert oder Dritten zug\u00e4nglich gemacht werden. Einige Seiten enthalten au\u00dferdem Bilder, die dem Copyright Dritter unterliegen. Insbesondere d\u00fcrfen Nachdruck, Aufnahme in Onlinedienste und Internet und Vervielf\u00e4ltigung auf Datentr\u00e4ger wie CD-ROM, DVD-ROM etc. nur nach vorheriger schriftlicher Zustimmung erfolgen.<\/p>\n<p><\/p>\n<p style=\"font-size: 15px; font-style: normal; font-weight: 300; color: #666666;\"><span style=\"font-size: 15px; font-weight: bold;\"><br><\/span><\/p><p style=\"font-size: 15px; font-style: normal; font-weight: 300; color: #666666;\"><span style=\"font-size: 15px; font-weight: bold;\">Quellenangaben f\u00fcr die verwendeten Bilder und Grafiken:<\/span><\/p>\n<p style=\"font-size: 15px; font-style: normal; font-weight: 300; color: #666666;\">Alle Bilder und Grafiken dieses Internetangebotes sind urheberrechtlich gesch\u00fctzt.<\/p>\n<p style=\"font-size: 15px; font-style: normal; font-weight: 300; color: #666666;\"><span style=\"font-size: 15px; font-weight: bold;\"><br><\/span><\/p><p style=\"font-size: 15px; font-style: normal; font-weight: 300; color: #666666;\"><span style=\"font-size: 15px; font-weight: bold;\">Verbraucherschlichtung und au\u00dfergerichtliche Streitbeilegung&nbsp;<\/span><\/p>\n<p style=\"font-size: 15px; font-style: normal; font-weight: 300; color: #666666;\">Zur au\u00dfergerichtlichen Beilegung von verbraucherrechtlichen Streitigkeiten hat die Europ\u00e4ische Union eine Onlineplattform eingerichtet. Die Onlineplattform soll als Anlaufstelle zur au\u00dfergerichtlichen Beilegung der Streitigkeiten betreffend vertragliche Verpflichtungen die aus online Kaufvertr\u00e4gen erwachsen, dienen. l&#8217;appartements ist nicht bereit,<br>an Streitbeilegungsverfahren gem\u00e4\u00df Verbraucherstreitbeilegungsgesetz (VSBG) vor einer Verbraucherschlichtungsstelle teilzunehmen.<\/p>\n<p style=\"font-size: 15px; font-style: normal; font-weight: 300; color: #666666;\"><span style=\"font-size: 15px; font-weight: bold;\"><br><\/span><\/p><p style=\"font-size: 15px; font-style: normal; font-weight: 300; color: #666666;\"><span style=\"font-size: 15px; font-weight: bold;\">Verlinkung zu Datenschutz<\/span><\/p>\n<p style=\"font-size: 15px; font-style: normal; font-weight: 300; color: #666666;\">Inhalte zum Umgang, Verarbeitung und Sicherung von Daten bei Benutzung dieser Website erhalten Sie <a href=\"https:\/\/www.l-appartements.de\/index.php\/datenschutz\" target=\"_blank\" rel=\"noopener\">hier.<\/a><\/p>\n<p style=\"font-size: 15px; font-style: normal; font-weight: 300; color: #666666;\"><span style=\"font-size: 15px; font-weight: bold;\"><br><\/span><\/p><p style=\"font-size: 15px; font-style: normal; font-weight: 300; color: #666666;\"><span style=\"font-size: 15px; font-weight: bold;\">Genereller Haftungshinweis<\/span><\/p>\n<p style=\"font-size: 15px; font-style: normal; font-weight: 300; color: #666666;\">Trotz sorgf\u00e4ltiger, inhaltlicher Kontrolle \u00fcbernimmt der Betreiber keine Haftung f\u00fcr die Inhalte externer Links. F\u00fcr den Inhalt der verlinkten Seiten sind ausschlie\u00dflich deren Betreiber verantwortlich. Der Betreiber ist nicht verantwortlich f\u00fcr die Datenschutzregelungen, Durchsetzungen und Inhalte dieser Websites<\/p>\n<\/div>\n<\/div>\n<\/div>\t\t\t\t\t<\/div>\n\t\t\t\t\t\t<\/div>\n\t\t\t\t<\/div>\n\t\t\t\t\t\t<\/div>\n\t\t\t\t\t<\/div>\n\t\t<\/div>\n\t\t\t\t\t\t\t\t<\/div>\n\t\t\t\t\t<\/div>\n\t\t<\/section>\n\t\t\t\t\t\t\t\t\t<\/div>\n\t\t\t<\/div>\n\t\t\t\t\t<\/div>\n\t\t","protected":false},"excerpt":{"rendered":"<p>Anbieter i. S. d. \u00a7 5 TMG &nbsp; L-Appartements vertreten durch Z&amp;B Grundst\u00fcck GbR Pfarrer-V\u00f6lk-Str.889331 Limbach (bei G\u00fcnzburg)Deutschland Mail: info@l-appartements.deTelefon: +49 (0)8222 \/ 9655220Mobil: +49 (0)17656533237Ust-ID-Nr.: DE308455125 Inhalt Inhaltlich verantwortlich f\u00fcr journalistisch-redaktionelle Beitr\u00e4ge auf dieser Website i.S.d. \u00a7 55 Abs. 2 RStV:&nbsp;Anschrift s.o., im folgenden Betreiber genannt. Die Informationen auf diesen Webseiten werden vom Betreiber&hellip; <a class=\"more-link\" href=\"https:\/\/www.l-appartements.de\/index.php\/impressum\/\"><span class=\"screen-reader-text\">Impressum<\/span> weiterlesen<\/a><\/p>\n","protected":false},"author":2,"featured_media":0,"parent":0,"menu_order":0,"comment_status":"closed","ping_status":"closed","template":"","meta":{"inline_featured_image":false},"_links":{"self":[{"href":"https:\/\/www.l-appartements.de\/index.php\/wp-json\/wp\/v2\/pages\/1047"}],"collection":[{"href":"https:\/\/www.l-appartements.de\/index.php\/wp-json\/wp\/v2\/pages"}],"about":[{"href":"https:\/\/www.l-appartements.de\/index.php\/wp-json\/wp\/v2\/types\/page"}],"author":[{"embeddable":true,"href":"https:\/\/www.l-appartements.de\/index.php\/wp-json\/wp\/v2\/users\/2"}],"replies":[{"embeddable":true,"href":"https:\/\/www.l-appartements.de\/index.php\/wp-json\/wp\/v2\/comments?post=1047"}],"version-history":[{"count":33,"href":"https:\/\/www.l-appartements.de\/index.php\/wp-json\/wp\/v2\/pages\/1047\/revisions"}],"predecessor-version":[{"id":1841,"href":"https:\/\/www.l-appartements.de\/index.php\/wp-json\/wp\/v2\/pages\/1047\/revisions\/1841"}],"wp:attachment":[{"href":"https:\/\/www.l-appartements.de\/index.php\/wp-json\/wp\/v2\/media?parent=1047"}],"curies":[{"name":"wp","href":"https:\/\/api.w.org\/{rel}","templated":true}]}}